{"id":6,"date":"2020-11-19T11:22:23","date_gmt":"2020-11-19T11:22:23","guid":{"rendered":"https:\/\/buriavimoakademija.lt\/?page_id=6"},"modified":"2020-12-15T10:20:57","modified_gmt":"2020-12-15T10:20:57","slug":"the-new-umoma-opens-its-doors-2","status":"publish","type":"page","link":"https:\/\/buriavimoakademija.lt\/","title":{"rendered":"Sporto programos ir aktyvi fizin\u0117 veikla."},"content":{"rendered":"\n<p>Buriavimo sporto programos.<br>&#8222;I\u0161mok buriuoti&#8221; dienos sotvykla.<br>Motyvaciniai sporto seminarai.<br>Auk\u0161to meistri\u0161kumo, buriavimo sporto stovyklos.<br>Kvalifikacijos k\u0117limas.<br>Buriavimas &#8211; aktyvi fizin\u0117 veikla i\u0161tisus metus.<\/p>\n\n\n\n<p><br><\/p>\n\n\n\n<p><\/p>\n","protected":false},"excerpt":{"rendered":"<p>Buriavimo sporto programos.&#8222;I\u0161mok buriuoti&#8221; dienos sotvykla.Motyvaciniai sporto seminarai.Auk\u0161to meistri\u0161kumo, buriavimo sporto stovyklos.Kvalifikacijos k\u0117limas.Buriavimas &#8211; aktyvi fizin\u0117 veikla i\u0161tisus metus.<\/p>\n","protected":false},"author":1,"featured_media":0,"parent":0,"menu_order":0,"comment_status":"closed","ping_status":"closed","template":"","meta":{"footnotes":""},"class_list":["post-6","page","type-page","status-publish","hentry"],"_links":{"self":[{"href":"https:\/\/buriavimoakademija.lt\/index.php?rest_route=\/wp\/v2\/pages\/6","targetHints":{"allow":["GET"]}}],"collection":[{"href":"https:\/\/buriavimoakademija.lt\/index.php?rest_route=\/wp\/v2\/pages"}],"about":[{"href":"https:\/\/buriavimoakademija.lt\/index.php?rest_route=\/wp\/v2\/types\/page"}],"author":[{"embeddable":true,"href":"https:\/\/buriavimoakademija.lt\/index.php?rest_route=\/wp\/v2\/users\/1"}],"replies":[{"embeddable":true,"href":"https:\/\/buriavimoakademija.lt\/index.php?rest_route=%2Fwp%2Fv2%2Fcomments&post=6"}],"version-history":[{"count":3,"href":"https:\/\/buriavimoakademija.lt\/index.php?rest_route=\/wp\/v2\/pages\/6\/revisions"}],"predecessor-version":[{"id":42,"href":"https:\/\/buriavimoakademija.lt\/index.php?rest_route=\/wp\/v2\/pages\/6\/revisions\/42"}],"wp:attachment":[{"href":"https:\/\/buriavimoakademija.lt\/index.php?rest_route=%2Fwp%2Fv2%2Fmedia&parent=6"}],"curies":[{"name":"wp","href":"https:\/\/api.w.org\/{rel}","templated":true}]}}